{"id":109,"date":"2025-06-12T10:13:03","date_gmt":"2025-06-12T14:13:03","guid":{"rendered":"https:\/\/posau-faeng.ufms.br\/?page_id=109"},"modified":"2025-06-13T16:11:58","modified_gmt":"2025-06-13T20:11:58","slug":"historico","status":"publish","type":"page","link":"https:\/\/posau-faeng.ufms.br\/en\/historico\/","title":{"rendered":"Hist\u00f3rico"},"content":{"rendered":"<p style=\"text-align: justify\">O Programa de P\u00f3s-gradua\u00e7\u00e3o em Arquitetura e Urbanismo (P\u00f3s-AU) pretende ampliar a atua\u00e7\u00e3o do corpo docente dos cursos de gradua\u00e7\u00e3o em Arquitetura e Urbanismo, da Universidade Federal de Mato Grosso do Sul, com novas abordagens sobre os estudos locais e regionais, di\u00e1logo com outras \u00e1reas e interdisciplinaridade.<\/p>\n<p style=\"text-align: justify\">A forma\u00e7\u00e3o e qualifica\u00e7\u00e3o dos profissionais permitir\u00e1 ao egresso atuar no ensino, pesquisa, gest\u00e3o, entre outras atividades, nos mais diversos segmentos.<\/p>\n<p style=\"text-align: justify\">Al\u00e9m da capacita\u00e7\u00e3o e forma\u00e7\u00e3o, busca-se a colabora\u00e7\u00e3o e amplia\u00e7\u00e3o das redes de pesquisa e extens\u00e3o, refletindo sobre as especificidades locais e regionais.<\/p>\n<p style=\"text-align: justify\">Essa a\u00e7\u00e3o visa a complementaridade, converg\u00eancia e tr\u00e2nsito de saberes, inerentes ao fazer e ao saber arquitet\u00f4nico-urban\u00edstico.<\/p>\n<p style=\"text-align: justify\">Aliando teoria, pr\u00e1tica, cria\u00e7\u00e3o, reflex\u00e3o e cr\u00edtica, o programa contribuir\u00e1 para o desenvolvimento, visando combater desigualdades socioecon\u00f4micas, disparidades regionais e problemas ambientais, sobretudo no meio urbano.<\/p>\n<p style=\"text-align: justify\">A hist\u00f3rica concentra\u00e7\u00e3o de programas de p\u00f3s-gradua\u00e7\u00e3o em Arquitetura e Urbanismo no Sul e Sudeste do pa\u00eds ampliaram as assimetrias regionais sobre os estudos e pesquisas na \u00e1rea, o que buscamos contribuir para amenizar. A \u00e1rea de Arquitetura, Urbanismo e Design tem apenas 7% dos seus cursos ofertados no Centro-oeste, nenhum deles em Mato Grosso do Sul, evidenciando a necessidade de induzir novos programas nessa regi\u00e3o.<\/p>\n<p style=\"text-align: justify\">A abertura do curso foi aprovada em 2024, sendo autorizado em 2025, quando ingressou a primeira turma, no segundo semestre. \u00c9 o primeiro curso de mestrado na \u00e1rea no estado, marcando um momento hist\u00f3rico para o ensino e a pesquisa em Arquitetura e Urbanismo em Mato Grosso do Sul.<\/p>\n","protected":false},"excerpt":{"rendered":"<p>O Programa de P\u00f3s-gradua\u00e7\u00e3o em Arquitetura e Urbanismo (P\u00f3s-AU) pretende ampliar a atua\u00e7\u00e3o do corpo docente dos cursos de gradua\u00e7\u00e3o em Arquitetura e Urbanismo, da Universidade Federal de Mato Grosso do Sul, com novas abordagens sobre os estudos locais e regionais, di\u00e1logo com outras \u00e1reas e interdisciplinaridade. A forma\u00e7\u00e3o e qualifica\u00e7\u00e3o dos profissionais permitir\u00e1 ao [&hellip;]<\/p>\n","protected":false},"author":34854,"featured_media":0,"parent":0,"menu_order":0,"comment_status":"closed","ping_status":"closed","template":"","meta":{"footnotes":""},"coauthors":[11],"class_list":["post-109","page","type-page","status-publish","hentry"],"_links":{"self":[{"href":"https:\/\/posau-faeng.ufms.br\/en\/wp-json\/wp\/v2\/pages\/109","targetHints":{"allow":["GET"]}}],"collection":[{"href":"https:\/\/posau-faeng.ufms.br\/en\/wp-json\/wp\/v2\/pages"}],"about":[{"href":"https:\/\/posau-faeng.ufms.br\/en\/wp-json\/wp\/v2\/types\/page"}],"author":[{"embeddable":true,"href":"https:\/\/posau-faeng.ufms.br\/en\/wp-json\/wp\/v2\/users\/34854"}],"replies":[{"embeddable":true,"href":"https:\/\/posau-faeng.ufms.br\/en\/wp-json\/wp\/v2\/comments?post=109"}],"version-history":[{"count":5,"href":"https:\/\/posau-faeng.ufms.br\/en\/wp-json\/wp\/v2\/pages\/109\/revisions"}],"predecessor-version":[{"id":209,"href":"https:\/\/posau-faeng.ufms.br\/en\/wp-json\/wp\/v2\/pages\/109\/revisions\/209"}],"wp:attachment":[{"href":"https:\/\/posau-faeng.ufms.br\/en\/wp-json\/wp\/v2\/media?parent=109"}],"wp:term":[{"taxonomy":"author","embeddable":true,"href":"https:\/\/posau-faeng.ufms.br\/en\/wp-json\/wp\/v2\/coauthors?post=109"}],"curies":[{"name":"wp","href":"https:\/\/api.w.org\/{rel}","templated":true}]}}