{"id":112,"date":"2025-06-12T10:13:24","date_gmt":"2025-06-12T14:13:24","guid":{"rendered":"https:\/\/posau-faeng.ufms.br\/?page_id=112"},"modified":"2025-06-16T23:57:54","modified_gmt":"2025-06-17T03:57:54","slug":"objetivos-e-missao","status":"publish","type":"page","link":"https:\/\/posau-faeng.ufms.br\/en\/objetivos-e-missao\/","title":{"rendered":"Objetivos e miss\u00e3o"},"content":{"rendered":"<p style=\"text-align: justify\">Objetivos<\/p>\n<p style=\"text-align: justify\">O objetivo geral do curso \u00e9 estimular a compet\u00eancia cient\u00edfica e acad\u00eamica, promovendo a forma\u00e7\u00e3o de docentes e pesquisadores de alto n\u00edvel, produ\u00e7\u00e3o e dissemina\u00e7\u00e3o de conhecimento, consolidando a pesquisa, contribuindo na solu\u00e7\u00e3o de quest\u00f5es sociais contempor\u00e2neas e fortalecendo o curso de Arquitetura e Urbanismo, a FAENG e a UFMS.<\/p>\n<p style=\"text-align: justify\">Quanto aos objetivos espec\u00edficos, s\u00e3o:<br \/>\n\u2022 Contribuir no aprimoramento e na qualidade do ensino de gradua\u00e7\u00e3o.<br \/>\n\u2022 Evidenciar quest\u00f5es sociais que atingem a sociedade sul-matogrossense e pa\u00edses vizinhos;<br \/>\n\u2022 Contribuir para a diminui\u00e7\u00e3o das desigualdades e assimetrias quanto ao oferecimento da titula\u00e7\u00e3o neste n\u00edvel na \u00e1rea de Arquitetura e Urbanismo;<br \/>\n\u2022 Incentivar a interioriza\u00e7\u00e3o da p\u00f3s-gradua\u00e7\u00e3o; e<br \/>\n\u2022 Promover a diversidade de origem dos alunos.<\/p>\n<p style=\"text-align: justify\">Miss\u00e3o<\/p>\n<p style=\"text-align: justify\">Aliar teoria, pr\u00e1tica, cria\u00e7\u00e3o, reflex\u00e3o e cr\u00edtica, contribuir para o desenvolvimento, combater desigualdades socioecon\u00f4micas, disparidades regionais e problemas ambientais, consolidar a gradua\u00e7\u00e3o e a p\u00f3s-gradua\u00e7\u00e3o em Arquitetura e Urbanismo no Centro-oeste e fortalecer a relev\u00e2ncia da Universidade P\u00fablica para a sociedade sul-mato-grossense.<\/p>\n<p style=\"text-align: justify\">Vis\u00e3o<\/p>\n<p style=\"text-align: justify\">Ser reconhecido como centro de estudos capaz de analisar criticamente e solucionar quest\u00f5es relativas aos problemas contempor\u00e2neos da Arquitetura e do Urbanismo, com criatividade e inventividade, gerando impactos locais, regionais, nacionais e internacionais, formando pesquisadores e professores de alto n\u00edvel.<\/p>\n","protected":false},"excerpt":{"rendered":"<p>Objetivos O objetivo geral do curso \u00e9 estimular a compet\u00eancia cient\u00edfica e acad\u00eamica, promovendo a forma\u00e7\u00e3o de docentes e pesquisadores de alto n\u00edvel, produ\u00e7\u00e3o e dissemina\u00e7\u00e3o de conhecimento, consolidando a pesquisa, contribuindo na solu\u00e7\u00e3o de quest\u00f5es sociais contempor\u00e2neas e fortalecendo o curso de Arquitetura e Urbanismo, a FAENG e a UFMS. Quanto aos objetivos espec\u00edficos, [&hellip;]<\/p>\n","protected":false},"author":34854,"featured_media":0,"parent":0,"menu_order":0,"comment_status":"closed","ping_status":"closed","template":"","meta":{"footnotes":""},"coauthors":[11],"class_list":["post-112","page","type-page","status-publish","hentry"],"_links":{"self":[{"href":"https:\/\/posau-faeng.ufms.br\/en\/wp-json\/wp\/v2\/pages\/112","targetHints":{"allow":["GET"]}}],"collection":[{"href":"https:\/\/posau-faeng.ufms.br\/en\/wp-json\/wp\/v2\/pages"}],"about":[{"href":"https:\/\/posau-faeng.ufms.br\/en\/wp-json\/wp\/v2\/types\/page"}],"author":[{"embeddable":true,"href":"https:\/\/posau-faeng.ufms.br\/en\/wp-json\/wp\/v2\/users\/34854"}],"replies":[{"embeddable":true,"href":"https:\/\/posau-faeng.ufms.br\/en\/wp-json\/wp\/v2\/comments?post=112"}],"version-history":[{"count":6,"href":"https:\/\/posau-faeng.ufms.br\/en\/wp-json\/wp\/v2\/pages\/112\/revisions"}],"predecessor-version":[{"id":238,"href":"https:\/\/posau-faeng.ufms.br\/en\/wp-json\/wp\/v2\/pages\/112\/revisions\/238"}],"wp:attachment":[{"href":"https:\/\/posau-faeng.ufms.br\/en\/wp-json\/wp\/v2\/media?parent=112"}],"wp:term":[{"taxonomy":"author","embeddable":true,"href":"https:\/\/posau-faeng.ufms.br\/en\/wp-json\/wp\/v2\/coauthors?post=112"}],"curies":[{"name":"wp","href":"https:\/\/api.w.org\/{rel}","templated":true}]}}