{"id":115,"date":"2025-06-12T10:13:45","date_gmt":"2025-06-12T14:13:45","guid":{"rendered":"https:\/\/posau-faeng.ufms.br\/?page_id=115"},"modified":"2025-06-13T16:10:29","modified_gmt":"2025-06-13T20:10:29","slug":"area-de-concentracao-e-linhas-de-pesquisa","status":"publish","type":"page","link":"https:\/\/posau-faeng.ufms.br\/en\/area-de-concentracao-e-linhas-de-pesquisa\/","title":{"rendered":"\u00c1rea de concentra\u00e7\u00e3o e linhas de pesquisa"},"content":{"rendered":"<p style=\"text-align: justify\">A \u00e1rea de concentra\u00e7\u00e3o do curso \u00e9 denominada &#8220;Processos e produ\u00e7\u00e3o do espa\u00e7o constru\u00eddo e habitado\u201d, que busca enfatizar o foco nas a\u00e7\u00f5es projetuais e de planejamento que englobam arquitetura e urbanismo como dimens\u00f5es da a\u00e7\u00e3o do homem.<\/p>\n<p style=\"text-align: justify\">A \u00e1rea de concentra\u00e7\u00e3o proposta divide-se em duas linhas de pesquisa: Conforto e Tecnologia Construtiva do Ambiente e Fundamentos e Pr\u00e1ticas da Arquitetura, Urbanismo e Design.<\/p>\n<p style=\"text-align: justify\">\nA primeira, apresenta conceitos e an\u00e1lise de m\u00e9todos para a concep\u00e7\u00e3o, a gest\u00e3o e a execu\u00e7\u00e3o de projetos em Arquitetura e Urbanismo, relacionados aos materiais e \u00e0s tecnologias construtivas, abrangendo as dimens\u00f5es de conforto ambiental (higrot\u00e9rmico, ac\u00fastico, lum\u00ednico, t\u00e1til e antropodinamico), de ergonomia e de sustentabilidade. Apresenta estrat\u00e9gias para an\u00e1lise do desempenho de edifica\u00e7\u00f5es ou parte delas e do ambiente constru\u00eddo por meio de ferramentas computacionais e m\u00e9todos multicrit\u00e9rios orientados \u00e0 qualidade do ambiente.<\/p>\n<p style=\"text-align: justify\">\nA segunda linha tem como mote principal aproximar os pesquisadores das quest\u00f5es centrais que perpassam o saber e o fazer na \u00e1rea. Se interessa pela constru\u00e7\u00e3o das dimens\u00f5es espaciais, do territ\u00f3rio, a reflex\u00e3o sobre a a\u00e7\u00e3o projetual e sua materialidade no espa\u00e7o, buscando sistematizar o pensamento sobre a atua\u00e7\u00e3o do arquiteto-urbanista, bem como pela hist\u00f3ria da \u00e1rea, dos objetos constru\u00eddos, al\u00e9m das transforma\u00e7\u00f5es socioespaciais na cidade, da a\u00e7\u00e3o dos profissionais e suas contribui\u00e7\u00f5es. Tamb\u00e9m as novas formas de representa\u00e7\u00e3o, de ensino, criatividade e inova\u00e7\u00e3o conformam o escopo da linha, contribuindo no entendimento sobre a Arquitetura, o Urbanismo e o Design no passado, presente e para o futuro.<\/p>\n","protected":false},"excerpt":{"rendered":"<p>A \u00e1rea de concentra\u00e7\u00e3o do curso \u00e9 denominada &#8220;Processos e produ\u00e7\u00e3o do espa\u00e7o constru\u00eddo e habitado\u201d, que busca enfatizar o foco nas a\u00e7\u00f5es projetuais e de planejamento que englobam arquitetura e urbanismo como dimens\u00f5es da a\u00e7\u00e3o do homem. A \u00e1rea de concentra\u00e7\u00e3o proposta divide-se em duas linhas de pesquisa: Conforto e Tecnologia Construtiva do Ambiente [&hellip;]<\/p>\n","protected":false},"author":34854,"featured_media":0,"parent":0,"menu_order":0,"comment_status":"closed","ping_status":"closed","template":"","meta":{"footnotes":""},"coauthors":[11],"class_list":["post-115","page","type-page","status-publish","hentry"],"_links":{"self":[{"href":"https:\/\/posau-faeng.ufms.br\/en\/wp-json\/wp\/v2\/pages\/115","targetHints":{"allow":["GET"]}}],"collection":[{"href":"https:\/\/posau-faeng.ufms.br\/en\/wp-json\/wp\/v2\/pages"}],"about":[{"href":"https:\/\/posau-faeng.ufms.br\/en\/wp-json\/wp\/v2\/types\/page"}],"author":[{"embeddable":true,"href":"https:\/\/posau-faeng.ufms.br\/en\/wp-json\/wp\/v2\/users\/34854"}],"replies":[{"embeddable":true,"href":"https:\/\/posau-faeng.ufms.br\/en\/wp-json\/wp\/v2\/comments?post=115"}],"version-history":[{"count":4,"href":"https:\/\/posau-faeng.ufms.br\/en\/wp-json\/wp\/v2\/pages\/115\/revisions"}],"predecessor-version":[{"id":207,"href":"https:\/\/posau-faeng.ufms.br\/en\/wp-json\/wp\/v2\/pages\/115\/revisions\/207"}],"wp:attachment":[{"href":"https:\/\/posau-faeng.ufms.br\/en\/wp-json\/wp\/v2\/media?parent=115"}],"wp:term":[{"taxonomy":"author","embeddable":true,"href":"https:\/\/posau-faeng.ufms.br\/en\/wp-json\/wp\/v2\/coauthors?post=115"}],"curies":[{"name":"wp","href":"https:\/\/api.w.org\/{rel}","templated":true}]}}