{"id":121,"date":"2025-06-12T10:15:39","date_gmt":"2025-06-12T14:15:39","guid":{"rendered":"https:\/\/posau-faeng.ufms.br\/?page_id=121"},"modified":"2025-06-13T16:17:05","modified_gmt":"2025-06-13T20:17:05","slug":"colegiado","status":"publish","type":"page","link":"https:\/\/posau-faeng.ufms.br\/en\/colegiado\/","title":{"rendered":"Colegiado"},"content":{"rendered":"<div class=\"page\" title=\"Page 1\">\n<div class=\"layoutArea\">\n<div class=\"column\">\n<p style=\"text-align: justify\">De acordo com a PORTARIA No 92-GAB\/FAENG\/UFMS, DE 11 DE JUNHO DE 2025, o Colegiado de Curso do Programa de Po\u0301s-Graduac\u0327a\u0303o em Arquitetura Urbanismo, da Faculdade de Engenharias, Arquitetura e Urbanismo e Geografia da UFMS, composto pelos seguintes membros:<\/p>\n<p style=\"text-align: justify\">Eleana Patta Flain<\/p>\n<p style=\"text-align: justify\">Gilfranco Medeiros Alves<\/p>\n<p style=\"text-align: justify\">Julio Cesar Botega do Carmo (presidente)<\/p>\n<p style=\"text-align: justify\">Mayara Silva Dias<\/p>\n<\/div>\n<div class=\"page\" title=\"Page 1\">\n<div class=\"layoutArea\">\n<div class=\"column\">\n<p style=\"text-align: justify\">O mandato dos teve in\u00edcio em primeiro de julho de 2025, com dura\u00e7\u00e3o de dois anos.<\/p>\n<p>&nbsp;<\/p>\n<\/div>\n<\/div>\n<\/div>\n<\/div>\n<\/div>\n","protected":false},"excerpt":{"rendered":"<p>De acordo com a PORTARIA No 92-GAB\/FAENG\/UFMS, DE 11 DE JUNHO DE 2025, o Colegiado de Curso do Programa de Po\u0301s-Graduac\u0327a\u0303o em Arquitetura Urbanismo, da Faculdade de Engenharias, Arquitetura e Urbanismo e Geografia da UFMS, composto pelos seguintes membros: Eleana Patta Flain Gilfranco Medeiros Alves Julio Cesar Botega do Carmo (presidente) Mayara Silva Dias O [&hellip;]<\/p>\n","protected":false},"author":34854,"featured_media":0,"parent":0,"menu_order":0,"comment_status":"closed","ping_status":"closed","template":"","meta":{"footnotes":""},"coauthors":[11],"class_list":["post-121","page","type-page","status-publish","hentry"],"_links":{"self":[{"href":"https:\/\/posau-faeng.ufms.br\/en\/wp-json\/wp\/v2\/pages\/121","targetHints":{"allow":["GET"]}}],"collection":[{"href":"https:\/\/posau-faeng.ufms.br\/en\/wp-json\/wp\/v2\/pages"}],"about":[{"href":"https:\/\/posau-faeng.ufms.br\/en\/wp-json\/wp\/v2\/types\/page"}],"author":[{"embeddable":true,"href":"https:\/\/posau-faeng.ufms.br\/en\/wp-json\/wp\/v2\/users\/34854"}],"replies":[{"embeddable":true,"href":"https:\/\/posau-faeng.ufms.br\/en\/wp-json\/wp\/v2\/comments?post=121"}],"version-history":[{"count":4,"href":"https:\/\/posau-faeng.ufms.br\/en\/wp-json\/wp\/v2\/pages\/121\/revisions"}],"predecessor-version":[{"id":213,"href":"https:\/\/posau-faeng.ufms.br\/en\/wp-json\/wp\/v2\/pages\/121\/revisions\/213"}],"wp:attachment":[{"href":"https:\/\/posau-faeng.ufms.br\/en\/wp-json\/wp\/v2\/media?parent=121"}],"wp:term":[{"taxonomy":"author","embeddable":true,"href":"https:\/\/posau-faeng.ufms.br\/en\/wp-json\/wp\/v2\/coauthors?post=121"}],"curies":[{"name":"wp","href":"https:\/\/api.w.org\/{rel}","templated":true}]}}