{"id":124,"date":"2025-06-12T10:16:06","date_gmt":"2025-06-12T14:16:06","guid":{"rendered":"https:\/\/posau-faeng.ufms.br\/?page_id=124"},"modified":"2025-06-13T16:18:48","modified_gmt":"2025-06-13T20:18:48","slug":"corpo-docente","status":"publish","type":"page","link":"https:\/\/posau-faeng.ufms.br\/en\/corpo-docente\/","title":{"rendered":"Coordena\u00e7\u00e3o"},"content":{"rendered":"<p>A coordena\u00e7\u00e3o do curso \u00e9 feita pelo professor<\/p>\n<p>Julio Cesar Botega do Carmo<\/p>\n<p>Contato: julio.botega@ufms.br<\/p>\n<p>&nbsp;<\/p>\n<p>O mandato teve in\u00edcio em primeiro de julho de 2025, com dura\u00e7\u00e3o de dois anos.<\/p>\n","protected":false},"excerpt":{"rendered":"<p>A coordena\u00e7\u00e3o do curso \u00e9 feita pelo professor Julio Cesar Botega do Carmo Contato: julio.botega@ufms.br &nbsp; O mandato teve in\u00edcio em primeiro de julho de 2025, com dura\u00e7\u00e3o de dois anos.<\/p>\n","protected":false},"author":34854,"featured_media":0,"parent":0,"menu_order":0,"comment_status":"closed","ping_status":"closed","template":"","meta":{"footnotes":""},"coauthors":[11],"class_list":["post-124","page","type-page","status-publish","hentry"],"_links":{"self":[{"href":"https:\/\/posau-faeng.ufms.br\/en\/wp-json\/wp\/v2\/pages\/124","targetHints":{"allow":["GET"]}}],"collection":[{"href":"https:\/\/posau-faeng.ufms.br\/en\/wp-json\/wp\/v2\/pages"}],"about":[{"href":"https:\/\/posau-faeng.ufms.br\/en\/wp-json\/wp\/v2\/types\/page"}],"author":[{"embeddable":true,"href":"https:\/\/posau-faeng.ufms.br\/en\/wp-json\/wp\/v2\/users\/34854"}],"replies":[{"embeddable":true,"href":"https:\/\/posau-faeng.ufms.br\/en\/wp-json\/wp\/v2\/comments?post=124"}],"version-history":[{"count":4,"href":"https:\/\/posau-faeng.ufms.br\/en\/wp-json\/wp\/v2\/pages\/124\/revisions"}],"predecessor-version":[{"id":215,"href":"https:\/\/posau-faeng.ufms.br\/en\/wp-json\/wp\/v2\/pages\/124\/revisions\/215"}],"wp:attachment":[{"href":"https:\/\/posau-faeng.ufms.br\/en\/wp-json\/wp\/v2\/media?parent=124"}],"wp:term":[{"taxonomy":"author","embeddable":true,"href":"https:\/\/posau-faeng.ufms.br\/en\/wp-json\/wp\/v2\/coauthors?post=124"}],"curies":[{"name":"wp","href":"https:\/\/api.w.org\/{rel}","templated":true}]}}