{"id":128,"date":"2025-06-12T10:16:50","date_gmt":"2025-06-12T14:16:50","guid":{"rendered":"https:\/\/posau-faeng.ufms.br\/?page_id=128"},"modified":"2026-02-03T18:08:15","modified_gmt":"2026-02-03T22:08:15","slug":"estrutura-curricular","status":"publish","type":"page","link":"https:\/\/posau-faeng.ufms.br\/en\/estrutura-curricular\/","title":{"rendered":"Estrutura curricular"},"content":{"rendered":"<p style=\"text-align: justify\">A estrutura curricular do curso est\u00e1 organizada em disciplinas obrigat\u00f3rias e optativas, e a elabora\u00e7\u00e3o da disserta\u00e7\u00e3o. A proposta contempla 20 (vinte) disciplinas, sendo 2 (duas) disciplinas obrigat\u00f3rias e 18 (dezoito) disciplinas optativas, das quais duas comuns \u00e0s duas linhas, oito vinculadas \u00e0 linha de pesquisa Conforto e Tecnologia Construtiva do Ambiente e oito \u00e0 linha de pesquisa Fundamentos e Pr\u00e1ticas da Arquitetura, Urbanismo e Design.<\/p>\n<p style=\"text-align: justify\">Para o acad\u00eamico obter o t\u00edtulo, dever\u00e1 obter, no m\u00ednimo 18 (dezoito) cr\u00e9ditos para diploma\u00e7\u00e3o, sendo 6 (seis) cr\u00e9ditos obrigat\u00f3rios e 12 (doze) cr\u00e9ditos de disciplinas optativas. A carga hor\u00e1ria total do curso \u00e9 de 720 horas-rel\u00f3gio, considerando disciplinas e Componentes Curriculares N\u00e3o- disciplinares (CCNDs).<\/p>\n<p style=\"text-align: justify\">No primeiro ano o acad\u00eamico se dedicar\u00e1 ao cumprimento dos cr\u00e9ditos das disciplinas, distribu\u00eddos ao longo dos dois semestres. O segundo ano ser\u00e1 dedicado ao desenvolvimento de experimentos, elabora\u00e7\u00e3o, a qualifica\u00e7\u00e3o (que acontecer\u00e1 at\u00e9 o d\u00e9cimo oitavo m\u00eas) e \u00e0 apresenta\u00e7\u00e3o\/defesa da disserta\u00e7\u00e3o.<\/p>\n<p>&nbsp;<\/p>\n","protected":false},"excerpt":{"rendered":"<p>A estrutura curricular do curso est\u00e1 organizada em disciplinas obrigat\u00f3rias e optativas, e a elabora\u00e7\u00e3o da disserta\u00e7\u00e3o. A proposta contempla 20 (vinte) disciplinas, sendo 2 (duas) disciplinas obrigat\u00f3rias e 18 (dezoito) disciplinas optativas, das quais duas comuns \u00e0s duas linhas, oito vinculadas \u00e0 linha de pesquisa Conforto e Tecnologia Construtiva do Ambiente e oito \u00e0 [&hellip;]<\/p>\n","protected":false},"author":34854,"featured_media":0,"parent":0,"menu_order":0,"comment_status":"closed","ping_status":"closed","template":"","meta":{"footnotes":""},"coauthors":[11],"class_list":["post-128","page","type-page","status-publish","hentry"],"_links":{"self":[{"href":"https:\/\/posau-faeng.ufms.br\/en\/wp-json\/wp\/v2\/pages\/128","targetHints":{"allow":["GET"]}}],"collection":[{"href":"https:\/\/posau-faeng.ufms.br\/en\/wp-json\/wp\/v2\/pages"}],"about":[{"href":"https:\/\/posau-faeng.ufms.br\/en\/wp-json\/wp\/v2\/types\/page"}],"author":[{"embeddable":true,"href":"https:\/\/posau-faeng.ufms.br\/en\/wp-json\/wp\/v2\/users\/34854"}],"replies":[{"embeddable":true,"href":"https:\/\/posau-faeng.ufms.br\/en\/wp-json\/wp\/v2\/comments?post=128"}],"version-history":[{"count":5,"href":"https:\/\/posau-faeng.ufms.br\/en\/wp-json\/wp\/v2\/pages\/128\/revisions"}],"predecessor-version":[{"id":395,"href":"https:\/\/posau-faeng.ufms.br\/en\/wp-json\/wp\/v2\/pages\/128\/revisions\/395"}],"wp:attachment":[{"href":"https:\/\/posau-faeng.ufms.br\/en\/wp-json\/wp\/v2\/media?parent=128"}],"wp:term":[{"taxonomy":"author","embeddable":true,"href":"https:\/\/posau-faeng.ufms.br\/en\/wp-json\/wp\/v2\/coauthors?post=128"}],"curies":[{"name":"wp","href":"https:\/\/api.w.org\/{rel}","templated":true}]}}