{"id":131,"date":"2025-06-12T10:17:06","date_gmt":"2025-06-12T14:17:06","guid":{"rendered":"https:\/\/posau-faeng.ufms.br\/?page_id=131"},"modified":"2026-02-03T18:09:44","modified_gmt":"2026-02-03T22:09:44","slug":"disciplinas-ofertadas","status":"publish","type":"page","link":"https:\/\/posau-faeng.ufms.br\/en\/informacoes\/disciplinas-ofertadas\/","title":{"rendered":"Disciplinas ofertadas"},"content":{"rendered":"<p style=\"text-align: justify\"><span style=\"font-weight: 400\">As disciplinas obrigat\u00f3rias e as optativas possuem 45 horas-rel\u00f3gio de carga hor\u00e1ria, com exce\u00e7\u00e3o da disciplina de t\u00f3picos especiais, que possui 30 horas-aula, devido \u00e0 sua especificidade. S\u00e3o as seguintes:<\/span><\/p>\n<p style=\"text-align: justify\"><span style=\"font-weight: 400\">Disciplinas obrigat\u00f3rias<\/span><span style=\"font-weight: 400\">\u00a0<\/span><\/p>\n<ol style=\"text-align: justify\">\n<li style=\"font-weight: 400\"><span style=\"font-weight: 400\">Estudos de Arquitetura e Urbanismo Contempor\u00e2neo ;<\/span><\/li>\n<li style=\"font-weight: 400\"><span style=\"font-weight: 400\">M\u00e9todos e T\u00e9cnicas de Pesquisa em Arquitetura e Urbanismo;<\/span><\/li>\n<\/ol>\n<p style=\"text-align: justify\"><span style=\"font-weight: 400\">Disciplinas optativas<\/span><\/p>\n<p style=\"text-align: justify\"><i><span style=\"font-weight: 400\">Comuns \u00e0s duas linhas<\/span><\/i><\/p>\n<ol style=\"text-align: justify\">\n<li style=\"font-weight: 400\"><span style=\"font-weight: 400\">M\u00e9todos e Pr\u00e1tica de doc\u00eancia em Arquitetura e Urbanismo (obrigat\u00f3ria para a realiza\u00e7\u00e3o do Est\u00e1gio de doc\u00eancia e para alunos bolsistas);<\/span><\/li>\n<li style=\"font-weight: 400\"><span style=\"font-weight: 400\">T\u00f3picos especiais<\/span><\/li>\n<\/ol>\n<h4 style=\"text-align: justify\"><i><span style=\"font-weight: 400\">Linha de Pesquisa: <\/span><\/i><i><span style=\"font-weight: 400\">Conforto e Tecnologia Construtiva do Ambiente<\/span><\/i><\/h4>\n<ol style=\"text-align: justify\">\n<li style=\"font-weight: 400\"><span style=\"font-weight: 400\">Ac\u00fastica Avan\u00e7ada em Espa\u00e7os para M\u00fasica<\/span><\/li>\n<li style=\"font-weight: 400\"><span style=\"font-weight: 400\">Processo de projeto de solu\u00e7\u00f5es tecnol\u00f3gicas n\u00e3o convencionais e mais sustent\u00e1veis<\/span><\/li>\n<li style=\"font-weight: 400\"><span style=\"font-weight: 400\">Sustentabilidade no ambiente constru\u00eddo<\/span><\/li>\n<li style=\"font-weight: 400\"><span style=\"font-weight: 400\">Conforto no ambiente constru\u00eddo<\/span><\/li>\n<li style=\"font-weight: 400\"><span style=\"font-weight: 400\">Fundamentos de desempenho das edifica\u00e7\u00f5es<\/span><\/li>\n<li style=\"font-weight: 400\"><span style=\"font-weight: 400\">Veda\u00e7\u00f5es e Acabamentos em Edifica\u00e7\u00f5es: constitui\u00e7\u00f5es, aplica\u00e7\u00f5es e inova\u00e7\u00f5es<\/span><\/li>\n<li style=\"font-weight: 400\"><span style=\"font-weight: 400\">Avalia\u00e7\u00e3o P\u00f3s-ocupa\u00e7\u00e3o (APO) do Ambiente Constru\u00eddo<\/span><\/li>\n<li style=\"font-weight: 400\"><span style=\"font-weight: 400\">Ac\u00fastica ambiental e Mapas de Ru\u00eddo<\/span><\/li>\n<\/ol>\n<h4 style=\"text-align: justify\"><\/h4>\n<h4 style=\"text-align: justify\"><i><span style=\"font-weight: 400\">Linha de Pesquisa: <\/span><\/i><i><span style=\"font-weight: 400\">Fundamentos e Pr\u00e1ticas da Arquitetura, Urbanismo e Design<\/span><\/i><\/h4>\n<ol style=\"text-align: justify\">\n<li style=\"font-weight: 400\"><span style=\"font-weight: 400\">Hist\u00f3ria da habita\u00e7\u00e3o no Brasil: espa\u00e7os de morar e modos de vida<\/span><\/li>\n<li style=\"font-weight: 400\"><span style=\"font-weight: 400\">Cibersemi\u00f3tica e Processos Digitais de Projeto<\/span><\/li>\n<li style=\"font-weight: 400\"><span style=\"font-weight: 400\">Intelig\u00eancia Artificial, Design Param\u00e9trico e Fabrica\u00e7\u00e3o Digital<\/span><\/li>\n<li style=\"font-weight: 400\"><span style=\"font-weight: 400\">Audiovisual como processo de leitura urbana<\/span><\/li>\n<li style=\"font-weight: 400\"><span style=\"font-weight: 400\">Participa\u00e7\u00e3o cidad\u00e3 e media\u00e7\u00e3o digital<\/span><\/li>\n<li style=\"font-weight: 400\"><span style=\"font-weight: 400\">Espa\u00e7o P\u00fablico e Direito \u00e0 Cidade<\/span><\/li>\n<li style=\"font-weight: 400\"><span style=\"font-weight: 400\">Cidades, hist\u00f3rias e projetos no Centro da Am\u00e9rica do Sul<\/span><\/li>\n<li style=\"font-weight: 400\"><span style=\"font-weight: 400\">Processos Digitais de Projeto com \u00eanfase em BIM<\/span><\/li>\n<\/ol>\n<p style=\"text-align: justify\">\n","protected":false},"excerpt":{"rendered":"<p>As disciplinas obrigat\u00f3rias e as optativas possuem 45 horas-rel\u00f3gio de carga hor\u00e1ria, com exce\u00e7\u00e3o da disciplina de t\u00f3picos especiais, que possui 30 horas-aula, devido \u00e0 sua especificidade. S\u00e3o as seguintes: Disciplinas obrigat\u00f3rias\u00a0 Estudos de Arquitetura e Urbanismo Contempor\u00e2neo ; M\u00e9todos e T\u00e9cnicas de Pesquisa em Arquitetura e Urbanismo; Disciplinas optativas Comuns \u00e0s duas linhas M\u00e9todos [&hellip;]<\/p>\n","protected":false},"author":34854,"featured_media":0,"parent":32,"menu_order":0,"comment_status":"closed","ping_status":"closed","template":"","meta":{"footnotes":""},"coauthors":[11],"class_list":["post-131","page","type-page","status-publish","hentry"],"_links":{"self":[{"href":"https:\/\/posau-faeng.ufms.br\/en\/wp-json\/wp\/v2\/pages\/131","targetHints":{"allow":["GET"]}}],"collection":[{"href":"https:\/\/posau-faeng.ufms.br\/en\/wp-json\/wp\/v2\/pages"}],"about":[{"href":"https:\/\/posau-faeng.ufms.br\/en\/wp-json\/wp\/v2\/types\/page"}],"author":[{"embeddable":true,"href":"https:\/\/posau-faeng.ufms.br\/en\/wp-json\/wp\/v2\/users\/34854"}],"replies":[{"embeddable":true,"href":"https:\/\/posau-faeng.ufms.br\/en\/wp-json\/wp\/v2\/comments?post=131"}],"version-history":[{"count":4,"href":"https:\/\/posau-faeng.ufms.br\/en\/wp-json\/wp\/v2\/pages\/131\/revisions"}],"predecessor-version":[{"id":396,"href":"https:\/\/posau-faeng.ufms.br\/en\/wp-json\/wp\/v2\/pages\/131\/revisions\/396"}],"up":[{"embeddable":true,"href":"https:\/\/posau-faeng.ufms.br\/en\/wp-json\/wp\/v2\/pages\/32"}],"wp:attachment":[{"href":"https:\/\/posau-faeng.ufms.br\/en\/wp-json\/wp\/v2\/media?parent=131"}],"wp:term":[{"taxonomy":"author","embeddable":true,"href":"https:\/\/posau-faeng.ufms.br\/en\/wp-json\/wp\/v2\/coauthors?post=131"}],"curies":[{"name":"wp","href":"https:\/\/api.w.org\/{rel}","templated":true}]}}