{"id":184,"date":"2025-06-12T10:34:48","date_gmt":"2025-06-12T14:34:48","guid":{"rendered":"https:\/\/posau-faeng.ufms.br\/?page_id=184"},"modified":"2025-07-28T12:57:56","modified_gmt":"2025-07-28T16:57:56","slug":"simposio-de-pesquisa","status":"publish","type":"page","link":"https:\/\/posau-faeng.ufms.br\/en\/simposio-de-pesquisa\/","title":{"rendered":"SimP\u00f3sAu"},"content":{"rendered":"<p style=\"text-align: justify\">O Simp\u00f3sio de Pesquisa e P\u00f3s-Gradua\u00e7\u00e3o em Arquitetura e Urbanismo (SimP\u00f3s) surge como uma iniciativa para consolidar o papel da Universidade Federal de Mato Grosso do Sul (UFMS) como protagonista no desenvolvimento de estudos regionais e locais, promovendo a interdisciplinaridade e a integra\u00e7\u00e3o de saberes na \u00e1rea de Arquitetura e Urbanismo.<\/p>\n<p style=\"text-align: justify\">Mato Grosso do Sul foi o \u00faltimo estado do Centro-Sul do Brasil a abrir programas stricto sensu espec\u00edficos nessa \u00e1rea, refor\u00e7ando a necessidade de a\u00e7\u00f5es para ampliar o acesso ao ensino e \u00e0 pesquisa de qualidade. A realiza\u00e7\u00e3o do simp\u00f3sio refor\u00e7a a miss\u00e3o da UFMS de promover o desenvolvimento social, ambiental e econ\u00f4mico por meio da qualifica\u00e7\u00e3o de profissionais, incentivando o combate \u00e0s desigualdades regionais e \u00e0s lacunas de conhecimento sobre o espa\u00e7o urbano e arquitet\u00f4nico do estado.<\/p>\n<p>A necessidade de um evento de acompanhamento do andamento das pesquisas em desenvolvimento no programa, tamb\u00e9m justifica a exist\u00eancia deste evento, que ser\u00e1 anual.<\/p>\n<p>&nbsp;<\/p>\n","protected":false},"excerpt":{"rendered":"<p>O Simp\u00f3sio de Pesquisa e P\u00f3s-Gradua\u00e7\u00e3o em Arquitetura e Urbanismo (SimP\u00f3s) surge como uma iniciativa para consolidar o papel da Universidade Federal de Mato Grosso do Sul (UFMS) como protagonista no desenvolvimento de estudos regionais e locais, promovendo a interdisciplinaridade e a integra\u00e7\u00e3o de saberes na \u00e1rea de Arquitetura e Urbanismo. Mato Grosso do Sul [&hellip;]<\/p>\n","protected":false},"author":34854,"featured_media":0,"parent":0,"menu_order":0,"comment_status":"closed","ping_status":"closed","template":"","meta":{"footnotes":""},"coauthors":[11],"class_list":["post-184","page","type-page","status-publish","hentry"],"_links":{"self":[{"href":"https:\/\/posau-faeng.ufms.br\/en\/wp-json\/wp\/v2\/pages\/184","targetHints":{"allow":["GET"]}}],"collection":[{"href":"https:\/\/posau-faeng.ufms.br\/en\/wp-json\/wp\/v2\/pages"}],"about":[{"href":"https:\/\/posau-faeng.ufms.br\/en\/wp-json\/wp\/v2\/types\/page"}],"author":[{"embeddable":true,"href":"https:\/\/posau-faeng.ufms.br\/en\/wp-json\/wp\/v2\/users\/34854"}],"replies":[{"embeddable":true,"href":"https:\/\/posau-faeng.ufms.br\/en\/wp-json\/wp\/v2\/comments?post=184"}],"version-history":[{"count":5,"href":"https:\/\/posau-faeng.ufms.br\/en\/wp-json\/wp\/v2\/pages\/184\/revisions"}],"predecessor-version":[{"id":314,"href":"https:\/\/posau-faeng.ufms.br\/en\/wp-json\/wp\/v2\/pages\/184\/revisions\/314"}],"wp:attachment":[{"href":"https:\/\/posau-faeng.ufms.br\/en\/wp-json\/wp\/v2\/media?parent=184"}],"wp:term":[{"taxonomy":"author","embeddable":true,"href":"https:\/\/posau-faeng.ufms.br\/en\/wp-json\/wp\/v2\/coauthors?post=184"}],"curies":[{"name":"wp","href":"https:\/\/api.w.org\/{rel}","templated":true}]}}