{"id":216,"date":"2025-06-13T16:19:09","date_gmt":"2025-06-13T20:19:09","guid":{"rendered":"https:\/\/posau-faeng.ufms.br\/?page_id=216"},"modified":"2025-06-13T16:23:06","modified_gmt":"2025-06-13T20:23:06","slug":"secretaria","status":"publish","type":"page","link":"https:\/\/posau-faeng.ufms.br\/en\/secretaria\/","title":{"rendered":"Secretaria"},"content":{"rendered":"<p>A secretaria do curso \u00e9 de responsabilidade do servidor<\/p>\n<p>&nbsp;<\/p>\n<p>Roney Santos<\/p>\n<p>Contato: posau.faeng@ufms.br<\/p>\n<p>Telefone: (67)33457392 (WhatsApp)<\/p>\n<p>&nbsp;<\/p>\n<p>O atendimento \u00e9 preferencialmente online, sendo presencial na Secretaria da P\u00f3s-gradua\u00e7\u00e3o da FAENG<\/p>\n","protected":false},"excerpt":{"rendered":"<p>A secretaria do curso \u00e9 de responsabilidade do servidor &nbsp; Roney Santos Contato: posau.faeng@ufms.br Telefone: (67)33457392 (WhatsApp) &nbsp; O atendimento \u00e9 preferencialmente online, sendo presencial na Secretaria da P\u00f3s-gradua\u00e7\u00e3o da FAENG<\/p>\n","protected":false},"author":34854,"featured_media":0,"parent":0,"menu_order":0,"comment_status":"closed","ping_status":"closed","template":"","meta":{"footnotes":""},"coauthors":[11],"class_list":["post-216","page","type-page","status-publish","hentry"],"_links":{"self":[{"href":"https:\/\/posau-faeng.ufms.br\/en\/wp-json\/wp\/v2\/pages\/216","targetHints":{"allow":["GET"]}}],"collection":[{"href":"https:\/\/posau-faeng.ufms.br\/en\/wp-json\/wp\/v2\/pages"}],"about":[{"href":"https:\/\/posau-faeng.ufms.br\/en\/wp-json\/wp\/v2\/types\/page"}],"author":[{"embeddable":true,"href":"https:\/\/posau-faeng.ufms.br\/en\/wp-json\/wp\/v2\/users\/34854"}],"replies":[{"embeddable":true,"href":"https:\/\/posau-faeng.ufms.br\/en\/wp-json\/wp\/v2\/comments?post=216"}],"version-history":[{"count":4,"href":"https:\/\/posau-faeng.ufms.br\/en\/wp-json\/wp\/v2\/pages\/216\/revisions"}],"predecessor-version":[{"id":221,"href":"https:\/\/posau-faeng.ufms.br\/en\/wp-json\/wp\/v2\/pages\/216\/revisions\/221"}],"wp:attachment":[{"href":"https:\/\/posau-faeng.ufms.br\/en\/wp-json\/wp\/v2\/media?parent=216"}],"wp:term":[{"taxonomy":"author","embeddable":true,"href":"https:\/\/posau-faeng.ufms.br\/en\/wp-json\/wp\/v2\/coauthors?post=216"}],"curies":[{"name":"wp","href":"https:\/\/api.w.org\/{rel}","templated":true}]}}