{"id":240,"date":"2025-06-16T23:59:00","date_gmt":"2025-06-17T03:59:00","guid":{"rendered":"https:\/\/posau-faeng.ufms.br\/?page_id=240"},"modified":"2025-06-17T00:07:23","modified_gmt":"2025-06-17T04:07:23","slug":"2025-3","status":"publish","type":"page","link":"https:\/\/posau-faeng.ufms.br\/en\/2025-3\/","title":{"rendered":"2025"},"content":{"rendered":"<p>O evento ocorrer\u00e1 na Cidade Universit\u00e1ria, em Campo Grande, entre os dias 20 e 22 de agosto de 2025.<\/p>\n<p>&nbsp;<\/p>\n<p>Em breve mais informa\u00e7\u00f5es.<\/p>\n","protected":false},"excerpt":{"rendered":"<p>O evento ocorrer\u00e1 na Cidade Universit\u00e1ria, em Campo Grande, entre os dias 20 e 22 de agosto de 2025. &nbsp; Em breve mais informa\u00e7\u00f5es.<\/p>\n","protected":false},"author":34854,"featured_media":0,"parent":0,"menu_order":0,"comment_status":"closed","ping_status":"closed","template":"","meta":{"footnotes":""},"coauthors":[11],"class_list":["post-240","page","type-page","status-publish","hentry"],"_links":{"self":[{"href":"https:\/\/posau-faeng.ufms.br\/en\/wp-json\/wp\/v2\/pages\/240","targetHints":{"allow":["GET"]}}],"collection":[{"href":"https:\/\/posau-faeng.ufms.br\/en\/wp-json\/wp\/v2\/pages"}],"about":[{"href":"https:\/\/posau-faeng.ufms.br\/en\/wp-json\/wp\/v2\/types\/page"}],"author":[{"embeddable":true,"href":"https:\/\/posau-faeng.ufms.br\/en\/wp-json\/wp\/v2\/users\/34854"}],"replies":[{"embeddable":true,"href":"https:\/\/posau-faeng.ufms.br\/en\/wp-json\/wp\/v2\/comments?post=240"}],"version-history":[{"count":2,"href":"https:\/\/posau-faeng.ufms.br\/en\/wp-json\/wp\/v2\/pages\/240\/revisions"}],"predecessor-version":[{"id":245,"href":"https:\/\/posau-faeng.ufms.br\/en\/wp-json\/wp\/v2\/pages\/240\/revisions\/245"}],"wp:attachment":[{"href":"https:\/\/posau-faeng.ufms.br\/en\/wp-json\/wp\/v2\/media?parent=240"}],"wp:term":[{"taxonomy":"author","embeddable":true,"href":"https:\/\/posau-faeng.ufms.br\/en\/wp-json\/wp\/v2\/coauthors?post=240"}],"curies":[{"name":"wp","href":"https:\/\/api.w.org\/{rel}","templated":true}]}}